{"id":821,"date":"2024-08-15T14:28:31","date_gmt":"2024-08-15T14:28:31","guid":{"rendered":"https:\/\/livinci.eu\/contact\/"},"modified":"2025-09-04T09:25:25","modified_gmt":"2025-09-04T09:25:25","slug":"contact","status":"publish","type":"page","link":"https:\/\/livinci.eu\/en\/contact\/","title":{"rendered":"Contact"},"content":{"rendered":"<div class=\"wpb-content-wrapper\"><p>[vc_row row_type=&#8221;parallax&#8221; parallax_content_width=&#8221;in_grid&#8221; text_align=&#8221;left&#8221; full_screen_section_height=&#8221;no&#8221; background_image=&#8221;728&#8243; section_height=&#8221;250&#8243;][vc_column][\/vc_column][\/vc_row][vc_row css_animation=&#8221;&#8221; row_type=&#8221;row&#8221; use_row_as_full_screen_section=&#8221;no&#8221; type=&#8221;grid&#8221; angled_section=&#8221;no&#8221; text_align=&#8221;center&#8221; background_image_as_pattern=&#8221;without_pattern&#8221; z_index=&#8221;&#8221;][vc_column][qode_elements_holder number_of_columns=&#8221;one_column&#8221;][qode_elements_holder_item advanced_animations=&#8221;no&#8221; item_padding=&#8221;40px 0 86px 0&#8243; item_padding_1280_1440=&#8221;43px 32% 86px&#8221; item_padding_1024_1280=&#8221;43px 32% 86px&#8221; item_padding_768_1024=&#8221;43px 26% 86px&#8221; item_padding_600_768=&#8221;43px 14% 86px&#8221; item_padding_480_600=&#8221;43px 3% 86px&#8221; item_padding_480=&#8221;43px 3% 86px&#8221;][vc_column_text]<\/p>\n<h6>For questions<\/h6>\n<p>[\/vc_column_text][vc_empty_space height=&#8221;5px&#8221;][vc_column_text]<\/p>\n<h4>CONTACT US<\/h4>\n<p>[\/vc_column_text][vc_empty_space height=&#8221;20px&#8221;]<span class=\"separator_with_icon\" style='color:#9dbdc1;'><i class=\"fa fa-anchor\"><\/i><\/span>[\/qode_elements_holder_item][\/qode_elements_holder][\/vc_column][\/vc_row][vc_row css_animation=&#8221;&#8221; row_type=&#8221;row&#8221; use_row_as_full_screen_section=&#8221;no&#8221; type=&#8221;grid&#8221; angled_section=&#8221;no&#8221; text_align=&#8221;left&#8221; background_image_as_pattern=&#8221;without_pattern&#8221; z_index=&#8221;&#8221;][vc_column width=&#8221;2\/3&#8243; css=&#8221;.vc_custom_1594043639317{padding-right: 40px !important;}&#8221;][vc_column_text]<\/p>\n<h4 style=\"text-align: left;\"><strong><span style=\"font-size: 36px;\">Contact form<\/span><\/strong><\/h4>\n<p>[\/vc_column_text][vc_column_text]We look forward to your inquiry.[\/vc_column_text]\n<div class=\"wpcf7 no-js\" id=\"wpcf7-f8-o1\" lang=\"de-DE\" dir=\"ltr\" data-wpcf7-id=\"8\">\n<div class=\"screen-reader-response\"><p role=\"status\" aria-live=\"polite\" aria-atomic=\"true\"><\/p> <ul><\/ul><\/div>\n<form action=\"\/en\/wp-json\/wp\/v2\/pages\/821#wpcf7-f8-o1\" method=\"post\" class=\"wpcf7-form init default\" aria-label=\"Kontaktformular\" novalidate=\"novalidate\" data-status=\"init\">\n<fieldset class=\"hidden-fields-container\"><input type=\"hidden\" name=\"_wpcf7\" value=\"8\" \/><input type=\"hidden\" name=\"_wpcf7_version\" value=\"6.1.5\" \/><input type=\"hidden\" name=\"_wpcf7_locale\" value=\"de_DE\" \/><input type=\"hidden\" name=\"_wpcf7_unit_tag\" value=\"wpcf7-f8-o1\" \/><input type=\"hidden\" name=\"_wpcf7_container_post\" value=\"0\" \/><input type=\"hidden\" name=\"_wpcf7_posted_data_hash\" value=\"\" \/><input type=\"hidden\" name=\"_wpcf7_recaptcha_response\" value=\"\" \/>\n<\/fieldset>\n<p><span class=\"wpcf7-form-control-wrap\" data-name=\"Bedrijfsnaam\"><input size=\"40\" maxlength=\"400\" class=\"wpcf7-form-control wpcf7-text wpcf7-validates-as-required\" aria-required=\"true\" aria-invalid=\"false\" placeholder=\"Firma\" value=\"\" type=\"text\" name=\"Bedrijfsnaam\" \/><\/span>\n<\/p>\n<p><span class=\"wpcf7-form-control-wrap\" data-name=\"full-name\"><input size=\"40\" maxlength=\"400\" class=\"wpcf7-form-control wpcf7-text\" aria-invalid=\"false\" placeholder=\"Vor- und Nachname\" value=\"\" type=\"text\" name=\"full-name\" \/><\/span>\n<\/p>\n<p><span class=\"wpcf7-form-control-wrap\" data-name=\"email-284\"><input size=\"40\" maxlength=\"400\" class=\"wpcf7-form-control wpcf7-email wpcf7-validates-as-required wpcf7-text wpcf7-validates-as-email\" aria-required=\"true\" aria-invalid=\"false\" placeholder=\"E-Mail-Adresse\" value=\"\" type=\"email\" name=\"email-284\" \/><\/span>\n<\/p>\n<p><span class=\"wpcf7-form-control-wrap\" data-name=\"tel-96\"><input size=\"40\" maxlength=\"400\" class=\"wpcf7-form-control wpcf7-tel wpcf7-text wpcf7-validates-as-tel\" aria-invalid=\"false\" placeholder=\"Telefonnummer\" value=\"\" type=\"tel\" name=\"tel-96\" \/><\/span>\n<\/p>\n<p><span class=\"wpcf7-form-control-wrap\" data-name=\"message\"><textarea cols=\"40\" rows=\"10\" maxlength=\"2000\" class=\"wpcf7-form-control wpcf7-textarea\" aria-invalid=\"false\" placeholder=\"Nachricht\" name=\"message\"><\/textarea><\/span>\n<\/p>\n<p>Indem Sie auf Senden klicken, erkl\u00e4ren Sie sich damit einverstanden, dass Ihre Daten in \u00dcbereinstimmung mit unserer Datenschutzerkl\u00e4rung verwendet werden.\n<\/p>\n<p><input class=\"wpcf7-form-control wpcf7-submit has-spinner\" type=\"submit\" value=\"Senden\" \/>\n<\/p><div class=\"wpcf7-response-output\" aria-hidden=\"true\"><\/div>\n<\/form>\n<\/div>\n[\/vc_column][vc_column width=&#8221;1\/3&#8243;][vc_row_inner row_type=&#8221;row&#8221; type=&#8221;full_width&#8221; text_align=&#8221;left&#8221; css_animation=&#8221;&#8221;][vc_column_inner offset=&#8221;vc_hidden-xs&#8221;][vc_empty_space][\/vc_column_inner][\/vc_row_inner][vc_column_text]<\/p>\n<h4 style=\"text-align: left;\"><strong><span style=\"font-size: 36px;\">Address<\/span><\/strong><\/h4>\n<p>[\/vc_column_text][vc_column_text css=&#8221;&#8221;]<strong>Livinci GmbH<\/strong><\/p>\n<p>Alfred-Mozer-Stra\u00dfe 42<br \/>\nD-48527 Nordhorn<br \/>\nGermany<\/p>\n<p>&nbsp;<\/p>\n<p>Cathy Lieven<br \/>\nTel. +49 5921 729 4520<br \/>\ninfo@livinci.eu[\/vc_column_text][vc_empty_space height=&#8221;20px&#8221;]<span class='q_social_icon_holder square_social' data-color=#ffffff data-hover-background-color=#3f91a2 data-hover-color=#ffffff><a itemprop='url' href='https:\/\/www.facebook.com\/LivinciSilberschmuck' target='_parent'><span class='fa-stack fa-lg' style='background-color: #3f91a2;'><i class=\"qode_icon_font_awesome fa fa-facebook \" style=\"color: #ffffff;\" ><\/i><\/span><\/a><\/span><span class='q_social_icon_holder square_social' data-color=#ffffff data-hover-background-color=#3f91a2 data-hover-color=#ffffff><a itemprop='url' href='https:\/\/www.instagram.com\/livincisilberschmuck\/' target='_parent'><span class='fa-stack fa-lg' style='background-color: #3f91a2;'><i class=\"qode_icon_font_awesome fa fa-instagram \" style=\"color: #ffffff;\" ><\/i><\/span><\/a><\/span>[\/vc_column][\/vc_row][vc_row css_animation=&#8221;&#8221; row_type=&#8221;row&#8221; use_row_as_full_screen_section=&#8221;no&#8221; type=&#8221;grid&#8221; angled_section=&#8221;no&#8221; text_align=&#8221;center&#8221; background_image_as_pattern=&#8221;without_pattern&#8221; z_index=&#8221;&#8221;][vc_column][qode_elements_holder number_of_columns=&#8221;one_column&#8221;][qode_elements_holder_item advanced_animations=&#8221;no&#8221; item_padding=&#8221;40px 0 36px 0&#8243; item_padding_1280_1440=&#8221;143px 32% 86px&#8221; item_padding_1024_1280=&#8221;143px 32% 86px&#8221; item_padding_768_1024=&#8221;143px 26% 86px&#8221; item_padding_600_768=&#8221;84px 14% 86px&#8221; item_padding_480_600=&#8221;87px 3% 86px&#8221; item_padding_480=&#8221;87px 3% 86px&#8221;][vc_column_text]<\/p>\n<h4>DIRECTIONS<\/h4>\n<p>[\/vc_column_text][vc_empty_space height=&#8221;20px&#8221;]<span class=\"separator_with_icon\" style='color:#9dbdc1;'><i class=\"fa fa-anchor\"><\/i><\/span>[\/qode_elements_holder_item][\/qode_elements_holder][\/vc_column][\/vc_row][vc_row css_animation=&#8221;&#8221; row_type=&#8221;row&#8221; use_row_as_full_screen_section=&#8221;no&#8221; type=&#8221;full_width&#8221; angled_section=&#8221;no&#8221; text_align=&#8221;left&#8221; background_image_as_pattern=&#8221;without_pattern&#8221;][vc_column][vc_gmaps link=&#8221;#E-8_JTNDaWZyYW1lJTIwc3JjJTNEJTIyaHR0cHMlM0ElMkYlMkZ3d3cuZ29vZ2xlLmNvbSUyRm1hcHMlMkZlbWJlZCUzRnBiJTNEJTIxMW0xOCUyMTFtMTIlMjExbTMlMjExZDY4ODIuMTE0ODUwNzA2NTU2JTIxMmQ3LjAyNTc0OTg0MjcxMzk4MTUlMjEzZDUyLjQyMTI2MzYyOTY2NDIxJTIxMm0zJTIxMWYwJTIxMmYwJTIxM2YwJTIxM20yJTIxMWkxMDI0JTIxMmk3NjglMjE0ZjEzLjElMjEzbTMlMjExbTIlMjExczB4NDdiODFmNDUxMGY2NzA0MSUyNTNBMHhhYTBiMzljMDIzNTUzYzIxJTIxMnNBbGZyZWQtTW96ZXItU3RyYSUyNUMzJTI1OUZlJTI1MkMlMjUyMDQ4NTI3JTI1MjBOb3JkaG9ybiUyNTJDJTI1MjBEdWl0c2xhbmQlMjE1ZTAlMjEzbTIlMjExc25sJTIxMnNubCUyMTR2MTczMzMyMDQxMjI1MCUyMTVtMiUyMTFzbmwlMjEyc25sJTIyJTIwd2lkdGglM0QlMjI2MDAlMjIlMjBoZWlnaHQlM0QlMjI0NTAlMjIlMjBzdHlsZSUzRCUyMmJvcmRlciUzQTAlM0IlMjIlMjBhbGxvd2Z1bGxzY3JlZW4lM0QlMjIlMjIlMjBsb2FkaW5nJTNEJTIybGF6eSUyMiUyMHJlZmVycmVycG9saWN5JTNEJTIybm8tcmVmZXJyZXItd2hlbi1kb3duZ3JhZGUlMjIlM0UlM0MlMkZpZnJhbWUlM0U=&#8221; css=&#8221;&#8221;][\/vc_column][\/vc_row]<\/p>\n<\/div>","protected":false},"excerpt":{"rendered":"<p>[vc_row row_type=&#8221;parallax&#8221; parallax_content_width=&#8221;in_grid&#8221; text_align=&#8221;left&#8221; full_screen_section_height=&#8221;no&#8221; background_image=&#8221;728&#8243; section_height=&#8221;250&#8243;][vc_column][\/vc_column][\/vc_row][vc_row css_animation=&#8221;&#8221; row_type=&#8221;row&#8221; use_row_as_full_screen_section=&#8221;no&#8221; type=&#8221;grid&#8221; angled_section=&#8221;no&#8221; text_align=&#8221;center&#8221; background_image_as_pattern=&#8221;without_pattern&#8221; z_index=&#8221;&#8221;][vc_column][qode_elements_holder number_of_columns=&#8221;one_column&#8221;][qode_elements_holder_item advanced_animations=&#8221;no&#8221; item_padding=&#8221;40px 0 86px 0&#8243; item_padding_1280_1440=&#8221;43px 32% 86px&#8221; item_padding_1024_1280=&#8221;43px 32% 86px&#8221; item_padding_768_1024=&#8221;43px 26% 86px&#8221; item_padding_600_768=&#8221;43px 14% 86px&#8221; item_padding_480_600=&#8221;43px 3% 86px&#8221; item_padding_480=&#8221;43px 3% 86px&#8221;][vc_column_text] For questions [\/vc_column_text][vc_empty_space height=&#8221;5px&#8221;][vc_column_text] CONTACT US&#8230;<\/p>\n","protected":false},"author":1,"featured_media":551,"parent":0,"menu_order":0,"comment_status":"closed","ping_status":"closed","template":"full_width.php","meta":{"footnotes":""},"class_list":["post-821","page","type-page","status-publish","has-post-thumbnail","hentry"],"yoast_head":"<!-- This site is optimized with the Yoast SEO plugin v27.3 - https:\/\/yoast.com\/product\/yoast-seo-wordpress\/ -->\n<title>LIVINCI | Silver Greetings | We would like to get in touch<\/title>\n<meta name=\"description\" content=\"Would you like to receive more information about LIVINCI? Please leave your information here! We will contact you as soon as possible.\" \/>\n<meta name=\"robots\" content=\"index, follow, max-snippet:-1, max-image-preview:large, max-video-preview:-1\" \/>\n<link rel=\"canonical\" href=\"https:\/\/livinci.eu\/en\/contact\/\" \/>\n<meta property=\"og:locale\" content=\"en_US\" \/>\n<meta property=\"og:type\" content=\"article\" \/>\n<meta property=\"og:title\" content=\"LIVINCI | Silver Greetings | We would like to get in touch\" \/>\n<meta property=\"og:description\" content=\"Would you like to receive more information about LIVINCI? Please leave your information here! We will contact you as soon as possible.\" \/>\n<meta property=\"og:url\" content=\"https:\/\/livinci.eu\/en\/contact\/\" \/>\n<meta property=\"og:site_name\" content=\"LIVINCI\" \/>\n<meta property=\"article:modified_time\" content=\"2025-09-04T09:25:25+00:00\" \/>\n<meta property=\"og:image\" content=\"https:\/\/livinci.eu\/wp-content\/uploads\/2023\/11\/Livinci-Header-1.jpg\" \/>\n\t<meta property=\"og:image:width\" content=\"1457\" \/>\n\t<meta property=\"og:image:height\" content=\"1024\" \/>\n\t<meta property=\"og:image:type\" content=\"image\/jpeg\" \/>\n<meta name=\"twitter:card\" content=\"summary_large_image\" \/>\n<meta name=\"twitter:label1\" content=\"Est. reading time\" \/>\n\t<meta name=\"twitter:data1\" content=\"2 minutes\" \/>\n<script type=\"application\/ld+json\" class=\"yoast-schema-graph\">{\"@context\":\"https:\\\/\\\/schema.org\",\"@graph\":[{\"@type\":\"WebPage\",\"@id\":\"https:\\\/\\\/livinci.eu\\\/en\\\/contact\\\/\",\"url\":\"https:\\\/\\\/livinci.eu\\\/en\\\/contact\\\/\",\"name\":\"LIVINCI | Silver Greetings | We would like to get in touch\",\"isPartOf\":{\"@id\":\"https:\\\/\\\/livinci.eu\\\/en\\\/#website\"},\"primaryImageOfPage\":{\"@id\":\"https:\\\/\\\/livinci.eu\\\/en\\\/contact\\\/#primaryimage\"},\"image\":{\"@id\":\"https:\\\/\\\/livinci.eu\\\/en\\\/contact\\\/#primaryimage\"},\"thumbnailUrl\":\"https:\\\/\\\/livinci.eu\\\/wp-content\\\/uploads\\\/2023\\\/11\\\/Livinci-Header-1.jpg\",\"datePublished\":\"2024-08-15T14:28:31+00:00\",\"dateModified\":\"2025-09-04T09:25:25+00:00\",\"description\":\"Would you like to receive more information about LIVINCI? Please leave your information here! We will contact you as soon as possible.\",\"breadcrumb\":{\"@id\":\"https:\\\/\\\/livinci.eu\\\/en\\\/contact\\\/#breadcrumb\"},\"inLanguage\":\"en-US\",\"potentialAction\":[{\"@type\":\"ReadAction\",\"target\":[\"https:\\\/\\\/livinci.eu\\\/en\\\/contact\\\/\"]}]},{\"@type\":\"ImageObject\",\"inLanguage\":\"en-US\",\"@id\":\"https:\\\/\\\/livinci.eu\\\/en\\\/contact\\\/#primaryimage\",\"url\":\"https:\\\/\\\/livinci.eu\\\/wp-content\\\/uploads\\\/2023\\\/11\\\/Livinci-Header-1.jpg\",\"contentUrl\":\"https:\\\/\\\/livinci.eu\\\/wp-content\\\/uploads\\\/2023\\\/11\\\/Livinci-Header-1.jpg\",\"width\":1457,\"height\":1024},{\"@type\":\"BreadcrumbList\",\"@id\":\"https:\\\/\\\/livinci.eu\\\/en\\\/contact\\\/#breadcrumb\",\"itemListElement\":[{\"@type\":\"ListItem\",\"position\":1,\"name\":\"Home\",\"item\":\"https:\\\/\\\/livinci.eu\\\/en\\\/\"},{\"@type\":\"ListItem\",\"position\":2,\"name\":\"Contact\"}]},{\"@type\":\"WebSite\",\"@id\":\"https:\\\/\\\/livinci.eu\\\/en\\\/#website\",\"url\":\"https:\\\/\\\/livinci.eu\\\/en\\\/\",\"name\":\"LIVINCI\",\"description\":\"Silberschmuck Gro\u00dfhandel\",\"potentialAction\":[{\"@type\":\"SearchAction\",\"target\":{\"@type\":\"EntryPoint\",\"urlTemplate\":\"https:\\\/\\\/livinci.eu\\\/en\\\/?s={search_term_string}\"},\"query-input\":{\"@type\":\"PropertyValueSpecification\",\"valueRequired\":true,\"valueName\":\"search_term_string\"}}],\"inLanguage\":\"en-US\"}]}<\/script>\n<!-- \/ Yoast SEO plugin. -->","yoast_head_json":{"title":"LIVINCI | Silver Greetings | We would like to get in touch","description":"Would you like to receive more information about LIVINCI? Please leave your information here! We will contact you as soon as possible.","robots":{"index":"index","follow":"follow","max-snippet":"max-snippet:-1","max-image-preview":"max-image-preview:large","max-video-preview":"max-video-preview:-1"},"canonical":"https:\/\/livinci.eu\/en\/contact\/","og_locale":"en_US","og_type":"article","og_title":"LIVINCI | Silver Greetings | We would like to get in touch","og_description":"Would you like to receive more information about LIVINCI? Please leave your information here! We will contact you as soon as possible.","og_url":"https:\/\/livinci.eu\/en\/contact\/","og_site_name":"LIVINCI","article_modified_time":"2025-09-04T09:25:25+00:00","og_image":[{"width":1457,"height":1024,"url":"https:\/\/livinci.eu\/wp-content\/uploads\/2023\/11\/Livinci-Header-1.jpg","type":"image\/jpeg"}],"twitter_card":"summary_large_image","twitter_misc":{"Est. reading time":"2 minutes"},"schema":{"@context":"https:\/\/schema.org","@graph":[{"@type":"WebPage","@id":"https:\/\/livinci.eu\/en\/contact\/","url":"https:\/\/livinci.eu\/en\/contact\/","name":"LIVINCI | Silver Greetings | We would like to get in touch","isPartOf":{"@id":"https:\/\/livinci.eu\/en\/#website"},"primaryImageOfPage":{"@id":"https:\/\/livinci.eu\/en\/contact\/#primaryimage"},"image":{"@id":"https:\/\/livinci.eu\/en\/contact\/#primaryimage"},"thumbnailUrl":"https:\/\/livinci.eu\/wp-content\/uploads\/2023\/11\/Livinci-Header-1.jpg","datePublished":"2024-08-15T14:28:31+00:00","dateModified":"2025-09-04T09:25:25+00:00","description":"Would you like to receive more information about LIVINCI? Please leave your information here! We will contact you as soon as possible.","breadcrumb":{"@id":"https:\/\/livinci.eu\/en\/contact\/#breadcrumb"},"inLanguage":"en-US","potentialAction":[{"@type":"ReadAction","target":["https:\/\/livinci.eu\/en\/contact\/"]}]},{"@type":"ImageObject","inLanguage":"en-US","@id":"https:\/\/livinci.eu\/en\/contact\/#primaryimage","url":"https:\/\/livinci.eu\/wp-content\/uploads\/2023\/11\/Livinci-Header-1.jpg","contentUrl":"https:\/\/livinci.eu\/wp-content\/uploads\/2023\/11\/Livinci-Header-1.jpg","width":1457,"height":1024},{"@type":"BreadcrumbList","@id":"https:\/\/livinci.eu\/en\/contact\/#breadcrumb","itemListElement":[{"@type":"ListItem","position":1,"name":"Home","item":"https:\/\/livinci.eu\/en\/"},{"@type":"ListItem","position":2,"name":"Contact"}]},{"@type":"WebSite","@id":"https:\/\/livinci.eu\/en\/#website","url":"https:\/\/livinci.eu\/en\/","name":"LIVINCI","description":"Silberschmuck Gro\u00dfhandel","potentialAction":[{"@type":"SearchAction","target":{"@type":"EntryPoint","urlTemplate":"https:\/\/livinci.eu\/en\/?s={search_term_string}"},"query-input":{"@type":"PropertyValueSpecification","valueRequired":true,"valueName":"search_term_string"}}],"inLanguage":"en-US"}]}},"_links":{"self":[{"href":"https:\/\/livinci.eu\/en\/wp-json\/wp\/v2\/pages\/821","targetHints":{"allow":["GET"]}}],"collection":[{"href":"https:\/\/livinci.eu\/en\/wp-json\/wp\/v2\/pages"}],"about":[{"href":"https:\/\/livinci.eu\/en\/wp-json\/wp\/v2\/types\/page"}],"author":[{"embeddable":true,"href":"https:\/\/livinci.eu\/en\/wp-json\/wp\/v2\/users\/1"}],"replies":[{"embeddable":true,"href":"https:\/\/livinci.eu\/en\/wp-json\/wp\/v2\/comments?post=821"}],"version-history":[{"count":10,"href":"https:\/\/livinci.eu\/en\/wp-json\/wp\/v2\/pages\/821\/revisions"}],"predecessor-version":[{"id":914,"href":"https:\/\/livinci.eu\/en\/wp-json\/wp\/v2\/pages\/821\/revisions\/914"}],"wp:featuredmedia":[{"embeddable":true,"href":"https:\/\/livinci.eu\/en\/wp-json\/wp\/v2\/media\/551"}],"wp:attachment":[{"href":"https:\/\/livinci.eu\/en\/wp-json\/wp\/v2\/media?parent=821"}],"curies":[{"name":"wp","href":"https:\/\/api.w.org\/{rel}","templated":true}]}}